{"id":22,"date":"2025-05-25T11:52:03","date_gmt":"2025-05-25T11:52:03","guid":{"rendered":"https:\/\/aygunmobilyakaravan.com\/?page_id=22"},"modified":"2025-05-25T14:14:47","modified_gmt":"2025-05-25T14:14:47","slug":"team","status":"publish","type":"page","link":"https:\/\/aygunmobilyakaravan.com\/?page_id=22","title":{"rendered":"Bas\u0131nda Biz"},"content":{"rendered":"<p><iframe loading=\"lazy\" title=\"Malatya&#039;da Deprem Sonras\u0131 Karavanlara \u0130lgi Patlad\u0131!\" width=\"500\" height=\"281\" src=\"https:\/\/www.youtube.com\/embed\/G-DzmbUMMp8?feature=oembed\" frameborder=\"0\" allow=\"accelerometer; autoplay; clipboard-write; encrypted-media; gyroscope; picture-in-picture; web-share\" referrerpolicy=\"strict-origin-when-cross-origin\" allowfullscreen><\/iframe><\/p>\n<p><iframe loading=\"lazy\" title=\"DEPREM B\u00d6LGES\u0130 MALATYA&#039;DA KARAVANA \u0130LG\u0130 ARTTI\" width=\"500\" height=\"281\" src=\"https:\/\/www.youtube.com\/embed\/CKwU74UPb-g?feature=oembed\" frameborder=\"0\" allow=\"accelerometer; autoplay; clipboard-write; encrypted-media; gyroscope; picture-in-picture; web-share\" referrerpolicy=\"strict-origin-when-cross-origin\" allowfullscreen><\/iframe><\/p>\n","protected":false},"excerpt":{"rendered":"","protected":false},"author":1,"featured_media":0,"parent":0,"menu_order":0,"comment_status":"closed","ping_status":"closed","template":"","meta":{"footnotes":""},"class_list":["post-22","page","type-page","status-publish","hentry"],"_links":{"self":[{"href":"https:\/\/aygunmobilyakaravan.com\/index.php?rest_route=\/wp\/v2\/pages\/22","targetHints":{"allow":["GET"]}}],"collection":[{"href":"https:\/\/aygunmobilyakaravan.com\/index.php?rest_route=\/wp\/v2\/pages"}],"about":[{"href":"https:\/\/aygunmobilyakaravan.com\/index.php?rest_route=\/wp\/v2\/types\/page"}],"author":[{"embeddable":true,"href":"https:\/\/aygunmobilyakaravan.com\/index.php?rest_route=\/wp\/v2\/users\/1"}],"replies":[{"embeddable":true,"href":"https:\/\/aygunmobilyakaravan.com\/index.php?rest_route=%2Fwp%2Fv2%2Fcomments&post=22"}],"version-history":[{"count":2,"href":"https:\/\/aygunmobilyakaravan.com\/index.php?rest_route=\/wp\/v2\/pages\/22\/revisions"}],"predecessor-version":[{"id":80,"href":"https:\/\/aygunmobilyakaravan.com\/index.php?rest_route=\/wp\/v2\/pages\/22\/revisions\/80"}],"wp:attachment":[{"href":"https:\/\/aygunmobilyakaravan.com\/index.php?rest_route=%2Fwp%2Fv2%2Fmedia&parent=22"}],"curies":[{"name":"wp","href":"https:\/\/api.w.org\/{rel}","templated":true}]}}